{"id":242,"date":"2024-10-08T12:59:13","date_gmt":"2024-10-08T12:59:13","guid":{"rendered":"https:\/\/bluu.pixelz.pl\/?page_id=242"},"modified":"2025-09-19T11:28:46","modified_gmt":"2025-09-19T11:28:46","slug":"technologia","status":"publish","type":"page","link":"http:\/\/bluutex.com\/es\/technologia\/","title":{"rendered":"tecnolog\u00eda"},"content":{"rendered":"<div data-elementor-type=\"wp-page\" data-elementor-id=\"242\" class=\"elementor elementor-242\" data-elementor-post-type=\"page\">\n\t\t\t\t<div class=\"elementor-element elementor-element-f79195b e-flex e-con-boxed e-con e-parent\" data-id=\"f79195b\" data-element_type=\"container\" data-e-type=\"container\">\n\t\t\t\t\t<div class=\"e-con-inner\">\n\t\t<div class=\"elementor-element elementor-element-bf5ec68 e-con-full e-flex e-con e-child\" data-id=\"bf5ec68\" data-element_type=\"container\" data-e-type=\"container\">\n\t\t<div class=\"elementor-element elementor-element-869b3f9 e-con-full e-flex e-con e-child\" data-id=\"869b3f9\" data-element_type=\"container\" data-e-type=\"container\">\n\t\t\t\t<div class=\"elementor-element elementor-element-96b8db5 elementor-invisible elementor-widget elementor-widget-image\" data-id=\"96b8db5\" data-element_type=\"widget\" data-e-type=\"widget\" data-settings=\"{&quot;_animation&quot;:&quot;fadeIn&quot;,&quot;_animation_tablet&quot;:&quot;fadeInUp&quot;}\" data-widget_type=\"image.default\">\n\t\t\t\t<div class=\"elementor-widget-container\">\n\t\t\t\t\t\t\t\t\t\t\t\t\t\t\t<img fetchpriority=\"high\" decoding=\"async\" width=\"1016\" height=\"471\" src=\"https:\/\/bluutex.com\/wp-content\/uploads\/2024\/10\/technologia-top.jpg\" class=\"attachment-full size-full wp-image-253\" alt=\"\" srcset=\"https:\/\/bluutex.com\/wp-content\/uploads\/2024\/10\/technologia-top.jpg 1016w, https:\/\/bluutex.com\/wp-content\/uploads\/2024\/10\/technologia-top-300x139.jpg 300w, https:\/\/bluutex.com\/wp-content\/uploads\/2024\/10\/technologia-top-768x356.jpg 768w\" sizes=\"(max-width: 1016px) 100vw, 1016px\" \/>\t\t\t\t\t\t\t\t\t\t\t\t\t\t\t<\/div>\n\t\t\t\t<\/div>\n\t\t\t\t<\/div>\n\t\t<div class=\"elementor-element elementor-element-29977c7 e-con-full e-flex e-con e-child\" data-id=\"29977c7\" data-element_type=\"container\" data-e-type=\"container\" data-settings=\"{&quot;background_background&quot;:&quot;gradient&quot;}\">\n\t\t\t\t<div class=\"elementor-element elementor-element-2647d53 elementor-widget elementor-widget-heading\" data-id=\"2647d53\" data-element_type=\"widget\" data-e-type=\"widget\" data-widget_type=\"heading.default\">\n\t\t\t\t<div class=\"elementor-widget-container\">\n\t\t\t\t\t<p class=\"elementor-heading-title elementor-size-default\">alquiler<\/p>\t\t\t\t<\/div>\n\t\t\t\t<\/div>\n\t\t\t\t<div class=\"elementor-element elementor-element-80e5011 elementor-widget elementor-widget-heading\" data-id=\"80e5011\" data-element_type=\"widget\" data-e-type=\"widget\" data-widget_type=\"heading.default\">\n\t\t\t\t<div class=\"elementor-widget-container\">\n\t\t\t\t\t<p class=\"elementor-heading-title elementor-size-default\">de ropa de cama para hoteles<\/p>\t\t\t\t<\/div>\n\t\t\t\t<\/div>\n\t\t\t\t<\/div>\n\t\t\t\t<\/div>\n\t\t\t\t\t<\/div>\n\t\t\t\t<\/div>\n\t\t<div class=\"elementor-element elementor-element-76b8a1f e-flex e-con-boxed e-con e-parent\" data-id=\"76b8a1f\" data-element_type=\"container\" data-e-type=\"container\">\n\t\t\t\t\t<div class=\"e-con-inner\">\n\t\t<div class=\"elementor-element elementor-element-b96fd8e e-con-full e-flex e-con e-child\" data-id=\"b96fd8e\" data-element_type=\"container\" data-e-type=\"container\">\n\t\t\t\t<div class=\"elementor-element elementor-element-e4dd285 arrow elementor-widget elementor-widget-heading\" data-id=\"e4dd285\" data-element_type=\"widget\" data-e-type=\"widget\" data-widget_type=\"heading.default\">\n\t\t\t\t<div class=\"elementor-widget-container\">\n\t\t\t\t\t<h2 class=\"elementor-heading-title elementor-size-default\">tecnolog\u00eda<\/h2>\t\t\t\t<\/div>\n\t\t\t\t<\/div>\n\t\t\t\t<div class=\"elementor-element elementor-element-8975eda elementor-widget elementor-widget-text-editor\" data-id=\"8975eda\" data-element_type=\"widget\" data-e-type=\"widget\" data-widget_type=\"text-editor.default\">\n\t\t\t\t<div class=\"elementor-widget-container\">\n\t\t\t\t\t\t\t\t\t<p><strong>Garant\u00eda de calidad de bluu Textile Service <\/strong><br \/>Gracias a nuestro conocimiento, experiencia y la tecnolog\u00eda con la que contamos, somos un socio responsable y de confianza para tu negocio.<\/p>\t\t\t\t\t\t\t\t<\/div>\n\t\t\t\t<\/div>\n\t\t\t\t<\/div>\n\t\t<div class=\"elementor-element elementor-element-bef809a e-con-full e-flex e-con e-child\" data-id=\"bef809a\" data-element_type=\"container\" data-e-type=\"container\">\n\t\t\t\t<div class=\"elementor-element elementor-element-3ca80e1 elementor-invisible elementor-widget elementor-widget-image\" data-id=\"3ca80e1\" data-element_type=\"widget\" data-e-type=\"widget\" data-settings=\"{&quot;_animation&quot;:&quot;fadeInUp&quot;}\" data-widget_type=\"image.default\">\n\t\t\t\t<div class=\"elementor-widget-container\">\n\t\t\t\t\t\t\t\t\t\t\t\t\t\t\t<img decoding=\"async\" width=\"476\" height=\"391\" src=\"https:\/\/bluutex.com\/wp-content\/uploads\/2024\/10\/reczniki.png\" class=\"attachment-large size-large wp-image-35\" alt=\"\" srcset=\"https:\/\/bluutex.com\/wp-content\/uploads\/2024\/10\/reczniki.png 476w, https:\/\/bluutex.com\/wp-content\/uploads\/2024\/10\/reczniki-300x246.png 300w\" sizes=\"(max-width: 476px) 100vw, 476px\" \/>\t\t\t\t\t\t\t\t\t\t\t\t\t\t\t<\/div>\n\t\t\t\t<\/div>\n\t\t\t\t<\/div>\n\t\t\t\t\t<\/div>\n\t\t\t\t<\/div>\n\t\t<div class=\"elementor-element elementor-element-24f153e e-flex e-con-boxed e-con e-parent\" data-id=\"24f153e\" data-element_type=\"container\" data-e-type=\"container\">\n\t\t\t\t\t<div class=\"e-con-inner\">\n\t\t<div class=\"elementor-element elementor-element-5c1c8f8 e-con-full e-flex e-con e-child\" data-id=\"5c1c8f8\" data-element_type=\"container\" data-e-type=\"container\">\n\t\t\t\t<div class=\"elementor-element elementor-element-53d9eb3 arrow elementor-widget__width-initial elementor-widget-tablet__width-inherit elementor-widget elementor-widget-heading\" data-id=\"53d9eb3\" data-element_type=\"widget\" data-e-type=\"widget\" data-widget_type=\"heading.default\">\n\t\t\t\t<div class=\"elementor-widget-container\">\n\t\t\t\t\t<h2 class=\"elementor-heading-title elementor-size-default\">Realizamos un control constante<\/h2>\t\t\t\t<\/div>\n\t\t\t\t<\/div>\n\t\t\t\t<\/div>\n\t\t<div class=\"elementor-element elementor-element-2633d5c e-con-full e-flex e-con e-child\" data-id=\"2633d5c\" data-element_type=\"container\" data-e-type=\"container\">\n\t\t<div class=\"elementor-element elementor-element-f9d7a11 e-con-full e-flex elementor-invisible e-con e-child\" data-id=\"f9d7a11\" data-element_type=\"container\" data-e-type=\"container\" data-settings=\"{&quot;background_background&quot;:&quot;classic&quot;,&quot;animation&quot;:&quot;fadeInUp&quot;,&quot;animation_delay&quot;:400}\">\n\t\t\t\t<div class=\"elementor-element elementor-element-d2c7aac elementor-widget elementor-widget-image\" data-id=\"d2c7aac\" data-element_type=\"widget\" data-e-type=\"widget\" data-widget_type=\"image.default\">\n\t\t\t\t<div class=\"elementor-widget-container\">\n\t\t\t\t\t\t\t\t\t\t\t\t\t\t\t<img decoding=\"async\" width=\"323\" height=\"200\" src=\"https:\/\/bluutex.com\/wp-content\/uploads\/2024\/10\/kontrola-1.jpg\" class=\"attachment-large size-large wp-image-245\" alt=\"\" srcset=\"https:\/\/bluutex.com\/wp-content\/uploads\/2024\/10\/kontrola-1.jpg 323w, https:\/\/bluutex.com\/wp-content\/uploads\/2024\/10\/kontrola-1-300x186.jpg 300w\" sizes=\"(max-width: 323px) 100vw, 323px\" \/>\t\t\t\t\t\t\t\t\t\t\t\t\t\t\t<\/div>\n\t\t\t\t<\/div>\n\t\t\t\t<div class=\"elementor-element elementor-element-50923ce elementor-widget elementor-widget-text-editor\" data-id=\"50923ce\" data-element_type=\"widget\" data-e-type=\"widget\" data-widget_type=\"text-editor.default\">\n\t\t\t\t<div class=\"elementor-widget-container\">\n\t\t\t\t\t\t\t\t\t<p><strong>de la eliminaci\u00f3n de suciedad y manchas y de la eficiencia de los procesos de lavado.<\/strong><\/p>\t\t\t\t\t\t\t\t<\/div>\n\t\t\t\t<\/div>\n\t\t\t\t<\/div>\n\t\t<div class=\"elementor-element elementor-element-8b3adc9 e-con-full e-flex elementor-invisible e-con e-child\" data-id=\"8b3adc9\" data-element_type=\"container\" data-e-type=\"container\" data-settings=\"{&quot;background_background&quot;:&quot;classic&quot;,&quot;animation&quot;:&quot;fadeInUp&quot;,&quot;animation_delay&quot;:200}\">\n\t\t\t\t<div class=\"elementor-element elementor-element-e593f4e elementor-widget elementor-widget-image\" data-id=\"e593f4e\" data-element_type=\"widget\" data-e-type=\"widget\" data-widget_type=\"image.default\">\n\t\t\t\t<div class=\"elementor-widget-container\">\n\t\t\t\t\t\t\t\t\t\t\t\t\t\t\t<img loading=\"lazy\" decoding=\"async\" width=\"323\" height=\"200\" src=\"https:\/\/bluutex.com\/wp-content\/uploads\/2024\/10\/kontrola-2.jpg\" class=\"attachment-large size-large wp-image-246\" alt=\"\" srcset=\"https:\/\/bluutex.com\/wp-content\/uploads\/2024\/10\/kontrola-2.jpg 323w, https:\/\/bluutex.com\/wp-content\/uploads\/2024\/10\/kontrola-2-300x186.jpg 300w\" sizes=\"(max-width: 323px) 100vw, 323px\" \/>\t\t\t\t\t\t\t\t\t\t\t\t\t\t\t<\/div>\n\t\t\t\t<\/div>\n\t\t\t\t<div class=\"elementor-element elementor-element-803aabd elementor-widget elementor-widget-text-editor\" data-id=\"803aabd\" data-element_type=\"widget\" data-e-type=\"widget\" data-widget_type=\"text-editor.default\">\n\t\t\t\t<div class=\"elementor-widget-container\">\n\t\t\t\t\t\t\t\t\t<p><strong>garantizamos la continuidad y el desarrollo sostenible en todas nuestras operaciones.<\/strong><\/p>\t\t\t\t\t\t\t\t<\/div>\n\t\t\t\t<\/div>\n\t\t\t\t<\/div>\n\t\t<div class=\"elementor-element elementor-element-26eed5b e-con-full e-flex elementor-invisible e-con e-child\" data-id=\"26eed5b\" data-element_type=\"container\" data-e-type=\"container\" data-settings=\"{&quot;background_background&quot;:&quot;classic&quot;,&quot;animation&quot;:&quot;fadeInUp&quot;}\">\n\t\t\t\t<div class=\"elementor-element elementor-element-a08e330 elementor-widget elementor-widget-image\" data-id=\"a08e330\" data-element_type=\"widget\" data-e-type=\"widget\" data-widget_type=\"image.default\">\n\t\t\t\t<div class=\"elementor-widget-container\">\n\t\t\t\t\t\t\t\t\t\t\t\t\t\t\t<img loading=\"lazy\" decoding=\"async\" width=\"323\" height=\"200\" src=\"https:\/\/bluutex.com\/wp-content\/uploads\/2024\/10\/kontrola-3.jpg\" class=\"attachment-large size-large wp-image-247\" alt=\"\" srcset=\"https:\/\/bluutex.com\/wp-content\/uploads\/2024\/10\/kontrola-3.jpg 323w, https:\/\/bluutex.com\/wp-content\/uploads\/2024\/10\/kontrola-3-300x186.jpg 300w\" sizes=\"(max-width: 323px) 100vw, 323px\" \/>\t\t\t\t\t\t\t\t\t\t\t\t\t\t\t<\/div>\n\t\t\t\t<\/div>\n\t\t\t\t<div class=\"elementor-element elementor-element-dc5f92b elementor-widget elementor-widget-text-editor\" data-id=\"dc5f92b\" data-element_type=\"widget\" data-e-type=\"widget\" data-widget_type=\"text-editor.default\">\n\t\t\t\t<div class=\"elementor-widget-container\">\n\t\t\t\t\t\t\t\t\t<p><strong>supervisamos la calidad de los contenedores para el transporte de la ropa.<\/strong><\/p>\t\t\t\t\t\t\t\t<\/div>\n\t\t\t\t<\/div>\n\t\t\t\t<\/div>\n\t\t\t\t<\/div>\n\t\t\t\t\t<\/div>\n\t\t\t\t<\/div>\n\t\t<div class=\"elementor-element elementor-element-733517c e-flex e-con-boxed e-con e-parent\" data-id=\"733517c\" data-element_type=\"container\" data-e-type=\"container\">\n\t\t\t\t\t<div class=\"e-con-inner\">\n\t\t<div class=\"elementor-element elementor-element-3778c9f e-con-full e-flex e-con e-child\" data-id=\"3778c9f\" data-element_type=\"container\" data-e-type=\"container\">\n\t\t\t\t<div class=\"elementor-element elementor-element-fa14ef7 arrow elementor-widget__width-initial elementor-widget-tablet__width-inherit elementor-widget elementor-widget-heading\" data-id=\"fa14ef7\" data-element_type=\"widget\" data-e-type=\"widget\" data-widget_type=\"heading.default\">\n\t\t\t\t<div class=\"elementor-widget-container\">\n\t\t\t\t\t<h2 class=\"elementor-heading-title elementor-size-default\">Procesos de lavado sostenibles como concepto de desarrollo<\/h2>\t\t\t\t<\/div>\n\t\t\t\t<\/div>\n\t\t\t\t<\/div>\n\t\t<div class=\"elementor-element elementor-element-6f441b4 e-con-full e-flex e-con e-child\" data-id=\"6f441b4\" data-element_type=\"container\" data-e-type=\"container\">\n\t\t<div class=\"elementor-element elementor-element-1b52571 e-con-full e-flex elementor-invisible e-con e-child\" data-id=\"1b52571\" data-element_type=\"container\" data-e-type=\"container\" data-settings=\"{&quot;background_background&quot;:&quot;classic&quot;,&quot;animation&quot;:&quot;fadeInUp&quot;}\">\n\t\t\t\t<div class=\"elementor-element elementor-element-f770db0 elementor-widget elementor-widget-image\" data-id=\"f770db0\" data-element_type=\"widget\" data-e-type=\"widget\" data-widget_type=\"image.default\">\n\t\t\t\t<div class=\"elementor-widget-container\">\n\t\t\t\t\t\t\t\t\t\t\t\t\t\t\t<img loading=\"lazy\" decoding=\"async\" width=\"323\" height=\"200\" src=\"https:\/\/bluutex.com\/wp-content\/uploads\/2024\/10\/procesy-1.jpg\" class=\"attachment-large size-large wp-image-248\" alt=\"\" srcset=\"https:\/\/bluutex.com\/wp-content\/uploads\/2024\/10\/procesy-1.jpg 323w, https:\/\/bluutex.com\/wp-content\/uploads\/2024\/10\/procesy-1-300x186.jpg 300w\" sizes=\"(max-width: 323px) 100vw, 323px\" \/>\t\t\t\t\t\t\t\t\t\t\t\t\t\t\t<\/div>\n\t\t\t\t<\/div>\n\t\t\t\t<div class=\"elementor-element elementor-element-e841280 elementor-widget elementor-widget-text-editor\" data-id=\"e841280\" data-element_type=\"widget\" data-e-type=\"widget\" data-widget_type=\"text-editor.default\">\n\t\t\t\t<div class=\"elementor-widget-container\">\n\t\t\t\t\t\t\t\t\t<p><strong>Invertimos continuamente en nuevas m\u00e1quinas y tecnolog\u00edas.<\/strong><\/p>\t\t\t\t\t\t\t\t<\/div>\n\t\t\t\t<\/div>\n\t\t\t\t<\/div>\n\t\t<div class=\"elementor-element elementor-element-e3bf4df e-con-full e-flex elementor-invisible e-con e-child\" data-id=\"e3bf4df\" data-element_type=\"container\" data-e-type=\"container\" data-settings=\"{&quot;background_background&quot;:&quot;classic&quot;,&quot;animation&quot;:&quot;fadeInUp&quot;,&quot;animation_delay&quot;:200}\">\n\t\t\t\t<div class=\"elementor-element elementor-element-ba67276 elementor-widget elementor-widget-image\" data-id=\"ba67276\" data-element_type=\"widget\" data-e-type=\"widget\" data-widget_type=\"image.default\">\n\t\t\t\t<div class=\"elementor-widget-container\">\n\t\t\t\t\t\t\t\t\t\t\t\t\t\t\t<img loading=\"lazy\" decoding=\"async\" width=\"323\" height=\"200\" src=\"https:\/\/bluutex.com\/wp-content\/uploads\/2024\/11\/bluu_techno.jpg\" class=\"attachment-large size-large wp-image-444\" alt=\"\" srcset=\"https:\/\/bluutex.com\/wp-content\/uploads\/2024\/11\/bluu_techno.jpg 323w, https:\/\/bluutex.com\/wp-content\/uploads\/2024\/11\/bluu_techno-300x186.jpg 300w\" sizes=\"(max-width: 323px) 100vw, 323px\" \/>\t\t\t\t\t\t\t\t\t\t\t\t\t\t\t<\/div>\n\t\t\t\t<\/div>\n\t\t\t\t<div class=\"elementor-element elementor-element-1167c29 elementor-widget elementor-widget-text-editor\" data-id=\"1167c29\" data-element_type=\"widget\" data-e-type=\"widget\" data-widget_type=\"text-editor.default\">\n\t\t\t\t<div class=\"elementor-widget-container\">\n\t\t\t\t\t\t\t\t\t<p><strong>Optimizamos los procesos de lavado, secado y log\u00edstica.<\/strong><\/p>\t\t\t\t\t\t\t\t<\/div>\n\t\t\t\t<\/div>\n\t\t\t\t<\/div>\n\t\t<div class=\"elementor-element elementor-element-bed6162 e-con-full e-flex elementor-invisible e-con e-child\" data-id=\"bed6162\" data-element_type=\"container\" data-e-type=\"container\" data-settings=\"{&quot;background_background&quot;:&quot;classic&quot;,&quot;animation&quot;:&quot;fadeInUp&quot;,&quot;animation_delay&quot;:400}\">\n\t\t\t\t<div class=\"elementor-element elementor-element-9511307 elementor-widget elementor-widget-image\" data-id=\"9511307\" data-element_type=\"widget\" data-e-type=\"widget\" data-widget_type=\"image.default\">\n\t\t\t\t<div class=\"elementor-widget-container\">\n\t\t\t\t\t\t\t\t\t\t\t\t\t\t\t<img loading=\"lazy\" decoding=\"async\" width=\"323\" height=\"200\" src=\"https:\/\/bluutex.com\/wp-content\/uploads\/2024\/10\/procesy-3.jpg\" class=\"attachment-large size-large wp-image-250\" alt=\"\" srcset=\"https:\/\/bluutex.com\/wp-content\/uploads\/2024\/10\/procesy-3.jpg 323w, https:\/\/bluutex.com\/wp-content\/uploads\/2024\/10\/procesy-3-300x186.jpg 300w\" sizes=\"(max-width: 323px) 100vw, 323px\" \/>\t\t\t\t\t\t\t\t\t\t\t\t\t\t\t<\/div>\n\t\t\t\t<\/div>\n\t\t\t\t<div class=\"elementor-element elementor-element-543da6f elementor-widget elementor-widget-text-editor\" data-id=\"543da6f\" data-element_type=\"widget\" data-e-type=\"widget\" data-widget_type=\"text-editor.default\">\n\t\t\t\t<div class=\"elementor-widget-container\">\n\t\t\t\t\t\t\t\t\t<p><strong>Contamos con certificaciones y controles de calidad.<\/strong><\/p>\t\t\t\t\t\t\t\t<\/div>\n\t\t\t\t<\/div>\n\t\t\t\t<\/div>\n\t\t<div class=\"elementor-element elementor-element-7c00215 e-con-full e-flex elementor-invisible e-con e-child\" data-id=\"7c00215\" data-element_type=\"container\" data-e-type=\"container\" data-settings=\"{&quot;background_background&quot;:&quot;classic&quot;,&quot;animation&quot;:&quot;fadeInUp&quot;,&quot;animation_delay&quot;:200}\">\n\t\t\t\t<div class=\"elementor-element elementor-element-10d8abf elementor-widget elementor-widget-image\" data-id=\"10d8abf\" data-element_type=\"widget\" data-e-type=\"widget\" data-widget_type=\"image.default\">\n\t\t\t\t<div class=\"elementor-widget-container\">\n\t\t\t\t\t\t\t\t\t\t\t\t\t\t\t<img loading=\"lazy\" decoding=\"async\" width=\"323\" height=\"200\" src=\"https:\/\/bluutex.com\/wp-content\/uploads\/2024\/10\/procesy-4.jpg\" class=\"attachment-large size-large wp-image-251\" alt=\"\" srcset=\"https:\/\/bluutex.com\/wp-content\/uploads\/2024\/10\/procesy-4.jpg 323w, https:\/\/bluutex.com\/wp-content\/uploads\/2024\/10\/procesy-4-300x186.jpg 300w\" sizes=\"(max-width: 323px) 100vw, 323px\" \/>\t\t\t\t\t\t\t\t\t\t\t\t\t\t\t<\/div>\n\t\t\t\t<\/div>\n\t\t\t\t<div class=\"elementor-element elementor-element-478dd85 elementor-widget elementor-widget-text-editor\" data-id=\"478dd85\" data-element_type=\"widget\" data-e-type=\"widget\" data-widget_type=\"text-editor.default\">\n\t\t\t\t<div class=\"elementor-widget-container\">\n\t\t\t\t\t\t\t\t\t<p><strong>La reducci\u00f3n del consumo de agua y de las emisiones de CO\u2082 es una prioridad para nosotros.<\/strong><\/p>\t\t\t\t\t\t\t\t<\/div>\n\t\t\t\t<\/div>\n\t\t\t\t<\/div>\n\t\t<div class=\"elementor-element elementor-element-c948833 e-con-full e-flex e-con e-child\" data-id=\"c948833\" data-element_type=\"container\" data-e-type=\"container\" data-settings=\"{&quot;background_background&quot;:&quot;classic&quot;}\">\n\t\t\t\t<div class=\"elementor-element elementor-element-e64531a elementor-invisible elementor-widget elementor-widget-image\" data-id=\"e64531a\" data-element_type=\"widget\" data-e-type=\"widget\" data-settings=\"{&quot;_animation&quot;:&quot;fadeIn&quot;,&quot;_animation_delay&quot;:600}\" data-widget_type=\"image.default\">\n\t\t\t\t<div class=\"elementor-widget-container\">\n\t\t\t\t\t\t\t\t\t\t\t\t\t\t\t<img loading=\"lazy\" decoding=\"async\" width=\"552\" height=\"509\" src=\"https:\/\/bluutex.com\/wp-content\/uploads\/2024\/10\/schemat-technologia.jpg\" class=\"attachment-large size-large wp-image-252\" alt=\"\" srcset=\"https:\/\/bluutex.com\/wp-content\/uploads\/2024\/10\/schemat-technologia.jpg 552w, https:\/\/bluutex.com\/wp-content\/uploads\/2024\/10\/schemat-technologia-300x277.jpg 300w\" sizes=\"(max-width: 552px) 100vw, 552px\" \/>\t\t\t\t\t\t\t\t\t\t\t\t\t\t\t<\/div>\n\t\t\t\t<\/div>\n\t\t\t\t<\/div>\n\t\t\t\t<\/div>\n\t\t\t\t\t<\/div>\n\t\t\t\t<\/div>\n\t\t<div class=\"elementor-element elementor-element-f66595b e-flex e-con-boxed e-con e-parent\" data-id=\"f66595b\" data-element_type=\"container\" data-e-type=\"container\">\n\t\t\t\t\t<div class=\"e-con-inner\">\n\t\t\t\t<div class=\"elementor-element elementor-element-35c4e7f elementor-widget elementor-widget-fswp-text-unfold\" data-id=\"35c4e7f\" data-element_type=\"widget\" data-e-type=\"widget\" data-widget_type=\"fswp-text-unfold.default\">\n\t\t\t\t<div class=\"elementor-widget-container\">\n\t\t\t\t\t        <div class=\"fswp-elt--read-more-main-wrapper\">\n                    <div class=\"fswp-elt--read-more-title-wrapper\">\n            <h3 class=\"fswp-elt--read-more-title\">Tecnolog\u00eda moderna de lavander\u00eda bluu Textile Service<\/h3>        <\/div><!--read-more-title-wrapper-->\n            <div class=\"fswp-elt--read-more-content-wrapper\">\n                            <div class=\"fswp-elt--read-more-content\">\n                    <p>bluu Textile Service es l\u00edder en el sector de los servicios de lavander\u00eda y alquiler de textiles. Nuestra lavander\u00eda utiliza las tecnolog\u00edas m\u00e1s modernas para garantizar la m\u00e1xima calidad de los servicios prestados a hoteles, pensiones, casas rurales y restaurantes.<\/p><p><strong>Tecnolog\u00edas innovadoras para la m\u00e1xima calidad<\/strong><\/p><ul><li><strong>Zaawansowane urz\u0105dzenia pralnicze<\/strong>: Wykorzystujemy nowoczesne maszyny pralnicze, kt\u00f3re gwarantuj\u0105 skuteczne i delikatne pranie r\u00f3\u017cnego rodzaju tekstyli\u00f3w.<\/li><li><strong>Ekologiczne rozwi\u0105zania<\/strong>: Stosujemy przyjazne dla \u015brodowiska \u015brodki czysto\u015bci oraz technologie minimalizuj\u0105ce zu\u017cycie wody i energii, dbaj\u0105c o pi\u0119kno regionu Podhala i Ma\u0142opolski.<\/li><li><strong>Automatyzacja proces\u00f3w<\/strong>: Dzi\u0119ki automatyzacji i precyzyjnemu sterowaniu procesami pralniczymi zapewniamy sta\u0142\u0105 jako\u015b\u0107 i terminowo\u015b\u0107 us\u0142ug.<\/li><li><strong>Systemy kontroli jako\u015bci<\/strong>: Posiadamy liczne certyfikaty potwierdzaj\u0105ce wysokie standardy jako\u015bci i bezpiecze\u0144stwa naszych us\u0142ug.<\/li><\/ul><p><strong>Korzy\u015bci z Nowoczesnej Technologii bluu Textile Service<\/strong><\/p><ul><li><strong>Wy\u017csza jako\u015b\u0107 prania<\/strong>: Innowacyjne technologie gwarantuj\u0105 doskona\u0142e efekty prania, co przek\u0142ada si\u0119 na komfort i zadowolenie Twoich Go\u015bci.<\/li><li><strong>D\u0142u\u017csza \u017cywotno\u015b\u0107 tekstyli\u00f3w<\/strong>: Delikatne i skuteczne metody prania przed\u0142u\u017caj\u0105 \u017cywotno\u015b\u0107 po\u015bcieli, r\u0119cznik\u00f3w i innych tekstyli\u00f3w.<\/li><li><strong>Oszcz\u0119dno\u015b\u0107 czasu i koszt\u00f3w<\/strong>: Efektywne procesy pralnicze pozwalaj\u0105 na szybk\u0105 realizacj\u0119 zlece\u0144, optymalizuj\u0105c koszty obs\u0142ugi Twojego obiektu.<\/li><li><strong>Bezpiecze\u0144stwo i higiena<\/strong>: Zaawansowane systemy dezynfekcji zapewniaj\u0105 najwy\u017csze standardy higieny, co jest kluczowe w bran\u017cy noclegowo-gastronomicznej.<\/li><\/ul><p><strong>Obszar Dzia\u0142ania<\/strong><\/p><p>Dzia\u0142amy na terenie:<\/p><ul><li><strong>Zakopanego<\/strong><\/li><li><strong>Nowego Targu<\/strong><\/li><li><strong>Bia\u0142ki Tatrza\u0144skiej<\/strong><\/li><li><strong>Bukowiny Tatrza\u0144skiej<\/strong><\/li><li><strong>Ko\u015bcieliska<\/strong><\/li><li><strong>Poronina<\/strong><\/li><li><strong>\u017bywca<\/strong><\/li><li><strong>Szczyrku<\/strong><\/li><li><strong>Wieliczki<\/strong><\/li><li><strong>Muszyny<\/strong><\/li><li><strong>Kro\u015bcienka<\/strong><\/li><li><strong>Szczawnicy<\/strong><\/li><li><strong>Krakowa<\/strong><\/li><\/ul><p><strong>Ekologiczne i Efektywne Technologie<\/strong><\/p><p>Nasza pralnia inwestuje w technologie, kt\u00f3re s\u0105 nie tylko efektywne, ale tak\u017ce przyjazne dla \u015brodowiska. Wykorzystujemy:<\/p><ul><li><strong>Energooszcz\u0119dne urz\u0105dzenia<\/strong>: Minimalizujemy zu\u017cycie energii elektrycznej.<\/li><li><strong>Recykling wody<\/strong>: Systemy odzysku wody pozwalaj\u0105 na jej ponowne wykorzystanie.<\/li><li><strong>Biodegradowalne detergenty<\/strong>: Stosujemy \u015brodki czysto\u015bci bezpieczne dla \u015brodowiska naturalnego.<\/li><\/ul><p><strong>Zaufaj Profesjonalistom z bluu Textile Service<\/strong><\/p><p>Inwestycja w nowoczesne technologie pozwala nam \u015bwiadczy\u0107 us\u0142ugi na najwy\u017cszym poziomie, spe\u0142niaj\u0105c rosn\u0105ce wymagania rynku i Twoich Go\u015bci. Jeste\u015bmy najwi\u0119kszym dostawc\u0105 us\u0142ug pralniczych w regionie, co potwierdza nasze do\u015bwiadczenie i zaufanie klient\u00f3w.<\/p><p><strong>Skontaktuj si\u0119 z Nami<\/strong><\/p><p>Je\u015bli chcesz podnie\u015b\u0107 standard us\u0142ug w swoim obiekcie dzi\u0119ki nowoczesnym technologiom pralniczym, skontaktuj si\u0119 z nami ju\u017c dzi\u015b. Nasz zesp\u00f3\u0142 ch\u0119tnie odpowie na wszystkie pytania i przygotuje ofert\u0119 dostosowan\u0105 do Twoich potrzeb.<\/p><p><strong>bluu Textile Service \u2013 Nowoczesna Technologia dla Twojego Biznesu na Podhalu i w Ma\u0142opolsce<\/strong><\/p>                <\/div>\n                                    <a class=\"fswp-elt--read-more more hide-icon\"\n                        data-height=\"75\"\n                        data-more=\"Rozwi\u0144\"\n                        data-less=\"Zwi\u0144\">\n                        <span class=\"fswp-elt--read-more-text\">\n                            Expandir                        <\/span>\n                                                                    <\/a>\n                    <\/div><!--read-more-content-wrapper-->\n        <\/div>\n    \t\t\t\t<\/div>\n\t\t\t\t<\/div>\n\t\t\t\t\t<\/div>\n\t\t\t\t<\/div>\n\t\t\t\t<\/div>","protected":false},"excerpt":{"rendered":"<p>wynajem po\u015bcieli hotelowej Technologia Gwarancja jako\u015bci bluu Textile Service. Dzi\u0119ki wiedzy i do\u015bwiadczeniu oraz technologii, kt\u00f3r\u0105 dysponujemy jeste\u015bmy odpowiedzialnym i godnym zaufania partnerem dla Twojego biznesu. Prowadzimy nieustann\u0105 kontrol\u0119 usuwania brudu i plam i wydajno\u015bci proces\u00f3w prania ci\u0105g\u0142o\u015bci i zr\u00f3wnowa\u017conego rozwoju jako\u015bci pojemnik\u00f3w do transportu prania Zr\u00f3wnowa\u017cone procesy prania jako koncepcja rozwojowa inwestujemy ci\u0105gle w [&hellip;]<\/p>\n","protected":false},"author":1,"featured_media":0,"parent":0,"menu_order":0,"comment_status":"closed","ping_status":"closed","template":"","meta":{"inline_featured_image":false,"footnotes":""},"class_list":["post-242","page","type-page","status-publish","hentry"],"_links":{"self":[{"href":"http:\/\/bluutex.com\/es\/wp-json\/wp\/v2\/pages\/242","targetHints":{"allow":["GET"]}}],"collection":[{"href":"http:\/\/bluutex.com\/es\/wp-json\/wp\/v2\/pages"}],"about":[{"href":"http:\/\/bluutex.com\/es\/wp-json\/wp\/v2\/types\/page"}],"author":[{"embeddable":true,"href":"http:\/\/bluutex.com\/es\/wp-json\/wp\/v2\/users\/1"}],"replies":[{"embeddable":true,"href":"http:\/\/bluutex.com\/es\/wp-json\/wp\/v2\/comments?post=242"}],"version-history":[{"count":52,"href":"http:\/\/bluutex.com\/es\/wp-json\/wp\/v2\/pages\/242\/revisions"}],"predecessor-version":[{"id":555,"href":"http:\/\/bluutex.com\/es\/wp-json\/wp\/v2\/pages\/242\/revisions\/555"}],"wp:attachment":[{"href":"http:\/\/bluutex.com\/es\/wp-json\/wp\/v2\/media?parent=242"}],"curies":[{"name":"wp","href":"https:\/\/api.w.org\/{rel}","templated":true}]}}