{"id":242,"date":"2024-10-08T12:59:13","date_gmt":"2024-10-08T12:59:13","guid":{"rendered":"https:\/\/bluu.pixelz.pl\/?page_id=242"},"modified":"2025-09-19T11:28:46","modified_gmt":"2025-09-19T11:28:46","slug":"technologia","status":"publish","type":"page","link":"https:\/\/bluutex.com\/en\/technologia\/","title":{"rendered":"Technology"},"content":{"rendered":"<div data-elementor-type=\"wp-page\" data-elementor-id=\"242\" class=\"elementor elementor-242\" data-elementor-post-type=\"page\">\n\t\t\t\t<div class=\"elementor-element elementor-element-f79195b e-flex e-con-boxed e-con e-parent\" data-id=\"f79195b\" data-element_type=\"container\" data-e-type=\"container\">\n\t\t\t\t\t<div class=\"e-con-inner\">\n\t\t<div class=\"elementor-element elementor-element-bf5ec68 e-con-full e-flex e-con e-child\" data-id=\"bf5ec68\" data-element_type=\"container\" data-e-type=\"container\">\n\t\t<div class=\"elementor-element elementor-element-869b3f9 e-con-full e-flex e-con e-child\" data-id=\"869b3f9\" data-element_type=\"container\" data-e-type=\"container\">\n\t\t\t\t<div class=\"elementor-element elementor-element-96b8db5 elementor-invisible elementor-widget elementor-widget-image\" data-id=\"96b8db5\" data-element_type=\"widget\" data-e-type=\"widget\" data-settings=\"{&quot;_animation&quot;:&quot;fadeIn&quot;,&quot;_animation_tablet&quot;:&quot;fadeInUp&quot;}\" data-widget_type=\"image.default\">\n\t\t\t\t<div class=\"elementor-widget-container\">\n\t\t\t\t\t\t\t\t\t\t\t\t\t\t\t<img fetchpriority=\"high\" decoding=\"async\" width=\"1016\" height=\"471\" src=\"https:\/\/bluutex.com\/wp-content\/uploads\/2024\/10\/technologia-top.jpg\" class=\"attachment-full size-full wp-image-253\" alt=\"\" srcset=\"https:\/\/bluutex.com\/wp-content\/uploads\/2024\/10\/technologia-top.jpg 1016w, https:\/\/bluutex.com\/wp-content\/uploads\/2024\/10\/technologia-top-300x139.jpg 300w, https:\/\/bluutex.com\/wp-content\/uploads\/2024\/10\/technologia-top-768x356.jpg 768w\" sizes=\"(max-width: 1016px) 100vw, 1016px\" \/>\t\t\t\t\t\t\t\t\t\t\t\t\t\t\t<\/div>\n\t\t\t\t<\/div>\n\t\t\t\t<\/div>\n\t\t<div class=\"elementor-element elementor-element-29977c7 e-con-full e-flex e-con e-child\" data-id=\"29977c7\" data-element_type=\"container\" data-e-type=\"container\" data-settings=\"{&quot;background_background&quot;:&quot;gradient&quot;}\">\n\t\t\t\t<div class=\"elementor-element elementor-element-2647d53 elementor-widget elementor-widget-heading\" data-id=\"2647d53\" data-element_type=\"widget\" data-e-type=\"widget\" data-widget_type=\"heading.default\">\n\t\t\t\t<div class=\"elementor-widget-container\">\n\t\t\t\t\t<p class=\"elementor-heading-title elementor-size-default\">rental<\/p>\t\t\t\t<\/div>\n\t\t\t\t<\/div>\n\t\t\t\t<div class=\"elementor-element elementor-element-80e5011 elementor-widget elementor-widget-heading\" data-id=\"80e5011\" data-element_type=\"widget\" data-e-type=\"widget\" data-widget_type=\"heading.default\">\n\t\t\t\t<div class=\"elementor-widget-container\">\n\t\t\t\t\t<p class=\"elementor-heading-title elementor-size-default\">of hotel bed linen<\/p>\t\t\t\t<\/div>\n\t\t\t\t<\/div>\n\t\t\t\t<\/div>\n\t\t\t\t<\/div>\n\t\t\t\t\t<\/div>\n\t\t\t\t<\/div>\n\t\t<div class=\"elementor-element elementor-element-76b8a1f e-flex e-con-boxed e-con e-parent\" data-id=\"76b8a1f\" data-element_type=\"container\" data-e-type=\"container\">\n\t\t\t\t\t<div class=\"e-con-inner\">\n\t\t<div class=\"elementor-element elementor-element-b96fd8e e-con-full e-flex e-con e-child\" data-id=\"b96fd8e\" data-element_type=\"container\" data-e-type=\"container\">\n\t\t\t\t<div class=\"elementor-element elementor-element-e4dd285 arrow elementor-widget elementor-widget-heading\" data-id=\"e4dd285\" data-element_type=\"widget\" data-e-type=\"widget\" data-widget_type=\"heading.default\">\n\t\t\t\t<div class=\"elementor-widget-container\">\n\t\t\t\t\t<h2 class=\"elementor-heading-title elementor-size-default\">Technology<\/h2>\t\t\t\t<\/div>\n\t\t\t\t<\/div>\n\t\t\t\t<div class=\"elementor-element elementor-element-8975eda elementor-widget elementor-widget-text-editor\" data-id=\"8975eda\" data-element_type=\"widget\" data-e-type=\"widget\" data-widget_type=\"text-editor.default\">\n\t\t\t\t<div class=\"elementor-widget-container\">\n\t\t\t\t\t\t\t\t\t<p><strong>bluu Textile Service quality guarantee. <\/strong><br \/>Thanks to our knowledge, experience, and technology, we are a responsible and trustworthy partner for your business.<\/p>\t\t\t\t\t\t\t\t<\/div>\n\t\t\t\t<\/div>\n\t\t\t\t<\/div>\n\t\t<div class=\"elementor-element elementor-element-bef809a e-con-full e-flex e-con e-child\" data-id=\"bef809a\" data-element_type=\"container\" data-e-type=\"container\">\n\t\t\t\t<div class=\"elementor-element elementor-element-3ca80e1 elementor-invisible elementor-widget elementor-widget-image\" data-id=\"3ca80e1\" data-element_type=\"widget\" data-e-type=\"widget\" data-settings=\"{&quot;_animation&quot;:&quot;fadeInUp&quot;}\" data-widget_type=\"image.default\">\n\t\t\t\t<div class=\"elementor-widget-container\">\n\t\t\t\t\t\t\t\t\t\t\t\t\t\t\t<img decoding=\"async\" width=\"476\" height=\"391\" src=\"https:\/\/bluutex.com\/wp-content\/uploads\/2024\/10\/reczniki.png\" class=\"attachment-large size-large wp-image-35\" alt=\"\" srcset=\"https:\/\/bluutex.com\/wp-content\/uploads\/2024\/10\/reczniki.png 476w, https:\/\/bluutex.com\/wp-content\/uploads\/2024\/10\/reczniki-300x246.png 300w\" sizes=\"(max-width: 476px) 100vw, 476px\" \/>\t\t\t\t\t\t\t\t\t\t\t\t\t\t\t<\/div>\n\t\t\t\t<\/div>\n\t\t\t\t<\/div>\n\t\t\t\t\t<\/div>\n\t\t\t\t<\/div>\n\t\t<div class=\"elementor-element elementor-element-24f153e e-flex e-con-boxed e-con e-parent\" data-id=\"24f153e\" data-element_type=\"container\" data-e-type=\"container\">\n\t\t\t\t\t<div class=\"e-con-inner\">\n\t\t<div class=\"elementor-element elementor-element-5c1c8f8 e-con-full e-flex e-con e-child\" data-id=\"5c1c8f8\" data-element_type=\"container\" data-e-type=\"container\">\n\t\t\t\t<div class=\"elementor-element elementor-element-53d9eb3 arrow elementor-widget__width-initial elementor-widget-tablet__width-inherit elementor-widget elementor-widget-heading\" data-id=\"53d9eb3\" data-element_type=\"widget\" data-e-type=\"widget\" data-widget_type=\"heading.default\">\n\t\t\t\t<div class=\"elementor-widget-container\">\n\t\t\t\t\t<h2 class=\"elementor-heading-title elementor-size-default\">We conduct continuous monitoring<\/h2>\t\t\t\t<\/div>\n\t\t\t\t<\/div>\n\t\t\t\t<\/div>\n\t\t<div class=\"elementor-element elementor-element-2633d5c e-con-full e-flex e-con e-child\" data-id=\"2633d5c\" data-element_type=\"container\" data-e-type=\"container\">\n\t\t<div class=\"elementor-element elementor-element-f9d7a11 e-con-full e-flex elementor-invisible e-con e-child\" data-id=\"f9d7a11\" data-element_type=\"container\" data-e-type=\"container\" data-settings=\"{&quot;background_background&quot;:&quot;classic&quot;,&quot;animation&quot;:&quot;fadeInUp&quot;,&quot;animation_delay&quot;:400}\">\n\t\t\t\t<div class=\"elementor-element elementor-element-d2c7aac elementor-widget elementor-widget-image\" data-id=\"d2c7aac\" data-element_type=\"widget\" data-e-type=\"widget\" data-widget_type=\"image.default\">\n\t\t\t\t<div class=\"elementor-widget-container\">\n\t\t\t\t\t\t\t\t\t\t\t\t\t\t\t<img decoding=\"async\" width=\"323\" height=\"200\" src=\"https:\/\/bluutex.com\/wp-content\/uploads\/2024\/10\/kontrola-1.jpg\" class=\"attachment-large size-large wp-image-245\" alt=\"\" srcset=\"https:\/\/bluutex.com\/wp-content\/uploads\/2024\/10\/kontrola-1.jpg 323w, https:\/\/bluutex.com\/wp-content\/uploads\/2024\/10\/kontrola-1-300x186.jpg 300w\" sizes=\"(max-width: 323px) 100vw, 323px\" \/>\t\t\t\t\t\t\t\t\t\t\t\t\t\t\t<\/div>\n\t\t\t\t<\/div>\n\t\t\t\t<div class=\"elementor-element elementor-element-50923ce elementor-widget elementor-widget-text-editor\" data-id=\"50923ce\" data-element_type=\"widget\" data-e-type=\"widget\" data-widget_type=\"text-editor.default\">\n\t\t\t\t<div class=\"elementor-widget-container\">\n\t\t\t\t\t\t\t\t\t<p><strong>removing dirt and stains and washing performance<\/strong><\/p>\t\t\t\t\t\t\t\t<\/div>\n\t\t\t\t<\/div>\n\t\t\t\t<\/div>\n\t\t<div class=\"elementor-element elementor-element-8b3adc9 e-con-full e-flex elementor-invisible e-con e-child\" data-id=\"8b3adc9\" data-element_type=\"container\" data-e-type=\"container\" data-settings=\"{&quot;background_background&quot;:&quot;classic&quot;,&quot;animation&quot;:&quot;fadeInUp&quot;,&quot;animation_delay&quot;:200}\">\n\t\t\t\t<div class=\"elementor-element elementor-element-e593f4e elementor-widget elementor-widget-image\" data-id=\"e593f4e\" data-element_type=\"widget\" data-e-type=\"widget\" data-widget_type=\"image.default\">\n\t\t\t\t<div class=\"elementor-widget-container\">\n\t\t\t\t\t\t\t\t\t\t\t\t\t\t\t<img loading=\"lazy\" decoding=\"async\" width=\"323\" height=\"200\" src=\"https:\/\/bluutex.com\/wp-content\/uploads\/2024\/10\/kontrola-2.jpg\" class=\"attachment-large size-large wp-image-246\" alt=\"\" srcset=\"https:\/\/bluutex.com\/wp-content\/uploads\/2024\/10\/kontrola-2.jpg 323w, https:\/\/bluutex.com\/wp-content\/uploads\/2024\/10\/kontrola-2-300x186.jpg 300w\" sizes=\"(max-width: 323px) 100vw, 323px\" \/>\t\t\t\t\t\t\t\t\t\t\t\t\t\t\t<\/div>\n\t\t\t\t<\/div>\n\t\t\t\t<div class=\"elementor-element elementor-element-803aabd elementor-widget elementor-widget-text-editor\" data-id=\"803aabd\" data-element_type=\"widget\" data-e-type=\"widget\" data-widget_type=\"text-editor.default\">\n\t\t\t\t<div class=\"elementor-widget-container\">\n\t\t\t\t\t\t\t\t\t<p><strong>continuity and sustainable development<\/strong><\/p>\t\t\t\t\t\t\t\t<\/div>\n\t\t\t\t<\/div>\n\t\t\t\t<\/div>\n\t\t<div class=\"elementor-element elementor-element-26eed5b e-con-full e-flex elementor-invisible e-con e-child\" data-id=\"26eed5b\" data-element_type=\"container\" data-e-type=\"container\" data-settings=\"{&quot;background_background&quot;:&quot;classic&quot;,&quot;animation&quot;:&quot;fadeInUp&quot;}\">\n\t\t\t\t<div class=\"elementor-element elementor-element-a08e330 elementor-widget elementor-widget-image\" data-id=\"a08e330\" data-element_type=\"widget\" data-e-type=\"widget\" data-widget_type=\"image.default\">\n\t\t\t\t<div class=\"elementor-widget-container\">\n\t\t\t\t\t\t\t\t\t\t\t\t\t\t\t<img loading=\"lazy\" decoding=\"async\" width=\"323\" height=\"200\" src=\"https:\/\/bluutex.com\/wp-content\/uploads\/2024\/10\/kontrola-3.jpg\" class=\"attachment-large size-large wp-image-247\" alt=\"\" srcset=\"https:\/\/bluutex.com\/wp-content\/uploads\/2024\/10\/kontrola-3.jpg 323w, https:\/\/bluutex.com\/wp-content\/uploads\/2024\/10\/kontrola-3-300x186.jpg 300w\" sizes=\"(max-width: 323px) 100vw, 323px\" \/>\t\t\t\t\t\t\t\t\t\t\t\t\t\t\t<\/div>\n\t\t\t\t<\/div>\n\t\t\t\t<div class=\"elementor-element elementor-element-dc5f92b elementor-widget elementor-widget-text-editor\" data-id=\"dc5f92b\" data-element_type=\"widget\" data-e-type=\"widget\" data-widget_type=\"text-editor.default\">\n\t\t\t\t<div class=\"elementor-widget-container\">\n\t\t\t\t\t\t\t\t\t<p><strong>quality of containers for transporting laundry<\/strong><\/p>\t\t\t\t\t\t\t\t<\/div>\n\t\t\t\t<\/div>\n\t\t\t\t<\/div>\n\t\t\t\t<\/div>\n\t\t\t\t\t<\/div>\n\t\t\t\t<\/div>\n\t\t<div class=\"elementor-element elementor-element-733517c e-flex e-con-boxed e-con e-parent\" data-id=\"733517c\" data-element_type=\"container\" data-e-type=\"container\">\n\t\t\t\t\t<div class=\"e-con-inner\">\n\t\t<div class=\"elementor-element elementor-element-3778c9f e-con-full e-flex e-con e-child\" data-id=\"3778c9f\" data-element_type=\"container\" data-e-type=\"container\">\n\t\t\t\t<div class=\"elementor-element elementor-element-fa14ef7 arrow elementor-widget__width-initial elementor-widget-tablet__width-inherit elementor-widget elementor-widget-heading\" data-id=\"fa14ef7\" data-element_type=\"widget\" data-e-type=\"widget\" data-widget_type=\"heading.default\">\n\t\t\t\t<div class=\"elementor-widget-container\">\n\t\t\t\t\t<h2 class=\"elementor-heading-title elementor-size-default\">Sustainable washing processes as a development concept<\/h2>\t\t\t\t<\/div>\n\t\t\t\t<\/div>\n\t\t\t\t<\/div>\n\t\t<div class=\"elementor-element elementor-element-6f441b4 e-con-full e-flex e-con e-child\" data-id=\"6f441b4\" data-element_type=\"container\" data-e-type=\"container\">\n\t\t<div class=\"elementor-element elementor-element-1b52571 e-con-full e-flex elementor-invisible e-con e-child\" data-id=\"1b52571\" data-element_type=\"container\" data-e-type=\"container\" data-settings=\"{&quot;background_background&quot;:&quot;classic&quot;,&quot;animation&quot;:&quot;fadeInUp&quot;}\">\n\t\t\t\t<div class=\"elementor-element elementor-element-f770db0 elementor-widget elementor-widget-image\" data-id=\"f770db0\" data-element_type=\"widget\" data-e-type=\"widget\" data-widget_type=\"image.default\">\n\t\t\t\t<div class=\"elementor-widget-container\">\n\t\t\t\t\t\t\t\t\t\t\t\t\t\t\t<img loading=\"lazy\" decoding=\"async\" width=\"323\" height=\"200\" src=\"https:\/\/bluutex.com\/wp-content\/uploads\/2024\/10\/procesy-1.jpg\" class=\"attachment-large size-large wp-image-248\" alt=\"\" srcset=\"https:\/\/bluutex.com\/wp-content\/uploads\/2024\/10\/procesy-1.jpg 323w, https:\/\/bluutex.com\/wp-content\/uploads\/2024\/10\/procesy-1-300x186.jpg 300w\" sizes=\"(max-width: 323px) 100vw, 323px\" \/>\t\t\t\t\t\t\t\t\t\t\t\t\t\t\t<\/div>\n\t\t\t\t<\/div>\n\t\t\t\t<div class=\"elementor-element elementor-element-e841280 elementor-widget elementor-widget-text-editor\" data-id=\"e841280\" data-element_type=\"widget\" data-e-type=\"widget\" data-widget_type=\"text-editor.default\">\n\t\t\t\t<div class=\"elementor-widget-container\">\n\t\t\t\t\t\t\t\t\t<p><strong>we continuously invest in new machines and technologies<\/strong><\/p>\t\t\t\t\t\t\t\t<\/div>\n\t\t\t\t<\/div>\n\t\t\t\t<\/div>\n\t\t<div class=\"elementor-element elementor-element-e3bf4df e-con-full e-flex elementor-invisible e-con e-child\" data-id=\"e3bf4df\" data-element_type=\"container\" data-e-type=\"container\" data-settings=\"{&quot;background_background&quot;:&quot;classic&quot;,&quot;animation&quot;:&quot;fadeInUp&quot;,&quot;animation_delay&quot;:200}\">\n\t\t\t\t<div class=\"elementor-element elementor-element-ba67276 elementor-widget elementor-widget-image\" data-id=\"ba67276\" data-element_type=\"widget\" data-e-type=\"widget\" data-widget_type=\"image.default\">\n\t\t\t\t<div class=\"elementor-widget-container\">\n\t\t\t\t\t\t\t\t\t\t\t\t\t\t\t<img loading=\"lazy\" decoding=\"async\" width=\"323\" height=\"200\" src=\"https:\/\/bluutex.com\/wp-content\/uploads\/2024\/11\/bluu_techno.jpg\" class=\"attachment-large size-large wp-image-444\" alt=\"\" srcset=\"https:\/\/bluutex.com\/wp-content\/uploads\/2024\/11\/bluu_techno.jpg 323w, https:\/\/bluutex.com\/wp-content\/uploads\/2024\/11\/bluu_techno-300x186.jpg 300w\" sizes=\"(max-width: 323px) 100vw, 323px\" \/>\t\t\t\t\t\t\t\t\t\t\t\t\t\t\t<\/div>\n\t\t\t\t<\/div>\n\t\t\t\t<div class=\"elementor-element elementor-element-1167c29 elementor-widget elementor-widget-text-editor\" data-id=\"1167c29\" data-element_type=\"widget\" data-e-type=\"widget\" data-widget_type=\"text-editor.default\">\n\t\t\t\t<div class=\"elementor-widget-container\">\n\t\t\t\t\t\t\t\t\t<p><strong>we optimize washing, drying, and logistics processes<\/strong><\/p>\t\t\t\t\t\t\t\t<\/div>\n\t\t\t\t<\/div>\n\t\t\t\t<\/div>\n\t\t<div class=\"elementor-element elementor-element-bed6162 e-con-full e-flex elementor-invisible e-con e-child\" data-id=\"bed6162\" data-element_type=\"container\" data-e-type=\"container\" data-settings=\"{&quot;background_background&quot;:&quot;classic&quot;,&quot;animation&quot;:&quot;fadeInUp&quot;,&quot;animation_delay&quot;:400}\">\n\t\t\t\t<div class=\"elementor-element elementor-element-9511307 elementor-widget elementor-widget-image\" data-id=\"9511307\" data-element_type=\"widget\" data-e-type=\"widget\" data-widget_type=\"image.default\">\n\t\t\t\t<div class=\"elementor-widget-container\">\n\t\t\t\t\t\t\t\t\t\t\t\t\t\t\t<img loading=\"lazy\" decoding=\"async\" width=\"323\" height=\"200\" src=\"https:\/\/bluutex.com\/wp-content\/uploads\/2024\/10\/procesy-3.jpg\" class=\"attachment-large size-large wp-image-250\" alt=\"\" srcset=\"https:\/\/bluutex.com\/wp-content\/uploads\/2024\/10\/procesy-3.jpg 323w, https:\/\/bluutex.com\/wp-content\/uploads\/2024\/10\/procesy-3-300x186.jpg 300w\" sizes=\"(max-width: 323px) 100vw, 323px\" \/>\t\t\t\t\t\t\t\t\t\t\t\t\t\t\t<\/div>\n\t\t\t\t<\/div>\n\t\t\t\t<div class=\"elementor-element elementor-element-543da6f elementor-widget elementor-widget-text-editor\" data-id=\"543da6f\" data-element_type=\"widget\" data-e-type=\"widget\" data-widget_type=\"text-editor.default\">\n\t\t\t\t<div class=\"elementor-widget-container\">\n\t\t\t\t\t\t\t\t\t<p><strong>we have certificates and quality controls<\/strong><\/p>\t\t\t\t\t\t\t\t<\/div>\n\t\t\t\t<\/div>\n\t\t\t\t<\/div>\n\t\t<div class=\"elementor-element elementor-element-7c00215 e-con-full e-flex elementor-invisible e-con e-child\" data-id=\"7c00215\" data-element_type=\"container\" data-e-type=\"container\" data-settings=\"{&quot;background_background&quot;:&quot;classic&quot;,&quot;animation&quot;:&quot;fadeInUp&quot;,&quot;animation_delay&quot;:200}\">\n\t\t\t\t<div class=\"elementor-element elementor-element-10d8abf elementor-widget elementor-widget-image\" data-id=\"10d8abf\" data-element_type=\"widget\" data-e-type=\"widget\" data-widget_type=\"image.default\">\n\t\t\t\t<div class=\"elementor-widget-container\">\n\t\t\t\t\t\t\t\t\t\t\t\t\t\t\t<img loading=\"lazy\" decoding=\"async\" width=\"323\" height=\"200\" src=\"https:\/\/bluutex.com\/wp-content\/uploads\/2024\/10\/procesy-4.jpg\" class=\"attachment-large size-large wp-image-251\" alt=\"\" srcset=\"https:\/\/bluutex.com\/wp-content\/uploads\/2024\/10\/procesy-4.jpg 323w, https:\/\/bluutex.com\/wp-content\/uploads\/2024\/10\/procesy-4-300x186.jpg 300w\" sizes=\"(max-width: 323px) 100vw, 323px\" \/>\t\t\t\t\t\t\t\t\t\t\t\t\t\t\t<\/div>\n\t\t\t\t<\/div>\n\t\t\t\t<div class=\"elementor-element elementor-element-478dd85 elementor-widget elementor-widget-text-editor\" data-id=\"478dd85\" data-element_type=\"widget\" data-e-type=\"widget\" data-widget_type=\"text-editor.default\">\n\t\t\t\t<div class=\"elementor-widget-container\">\n\t\t\t\t\t\t\t\t\t<p><strong>reducing water consumption and CO2 emissions is important to us<\/strong><\/p>\t\t\t\t\t\t\t\t<\/div>\n\t\t\t\t<\/div>\n\t\t\t\t<\/div>\n\t\t<div class=\"elementor-element elementor-element-c948833 e-con-full e-flex e-con e-child\" data-id=\"c948833\" data-element_type=\"container\" data-e-type=\"container\" data-settings=\"{&quot;background_background&quot;:&quot;classic&quot;}\">\n\t\t\t\t<div class=\"elementor-element elementor-element-e64531a elementor-invisible elementor-widget elementor-widget-image\" data-id=\"e64531a\" data-element_type=\"widget\" data-e-type=\"widget\" data-settings=\"{&quot;_animation&quot;:&quot;fadeIn&quot;,&quot;_animation_delay&quot;:600}\" data-widget_type=\"image.default\">\n\t\t\t\t<div class=\"elementor-widget-container\">\n\t\t\t\t\t\t\t\t\t\t\t\t\t\t\t<img loading=\"lazy\" decoding=\"async\" width=\"552\" height=\"509\" src=\"https:\/\/bluutex.com\/wp-content\/uploads\/2024\/10\/schemat-technologia.jpg\" class=\"attachment-large size-large wp-image-252\" alt=\"\" srcset=\"https:\/\/bluutex.com\/wp-content\/uploads\/2024\/10\/schemat-technologia.jpg 552w, https:\/\/bluutex.com\/wp-content\/uploads\/2024\/10\/schemat-technologia-300x277.jpg 300w\" sizes=\"(max-width: 552px) 100vw, 552px\" \/>\t\t\t\t\t\t\t\t\t\t\t\t\t\t\t<\/div>\n\t\t\t\t<\/div>\n\t\t\t\t<\/div>\n\t\t\t\t<\/div>\n\t\t\t\t\t<\/div>\n\t\t\t\t<\/div>\n\t\t<div class=\"elementor-element elementor-element-f66595b e-flex e-con-boxed e-con e-parent\" data-id=\"f66595b\" data-element_type=\"container\" data-e-type=\"container\">\n\t\t\t\t\t<div class=\"e-con-inner\">\n\t\t\t\t<div class=\"elementor-element elementor-element-35c4e7f elementor-widget elementor-widget-fswp-text-unfold\" data-id=\"35c4e7f\" data-element_type=\"widget\" data-e-type=\"widget\" data-widget_type=\"fswp-text-unfold.default\">\n\t\t\t\t<div class=\"elementor-widget-container\">\n\t\t\t\t\t        <div class=\"fswp-elt--read-more-main-wrapper\">\n                    <div class=\"fswp-elt--read-more-title-wrapper\">\n            <h3 class=\"fswp-elt--read-more-title\">Modern Laundry Technology by bluu Textile Service<\/h3>        <\/div><!--read-more-title-wrapper-->\n            <div class=\"fswp-elt--read-more-content-wrapper\">\n                            <div class=\"fswp-elt--read-more-content\">\n                    <p>bluu Textile Service is a leader in the laundry and textile rental industry in the Podhale and Ma\u0142opolska regions. Our laundry uses state-of-the-art technology to provide the highest quality services for hotels, guesthouses, cottages, and restaurants in towns such as Zakopane, Nowy Targ, Bia\u0142ka Tatrza\u0144ska, Kro\u015bcienko, Szczawnica, Wieliczka, and Krak\u00f3w.<\/p><p><strong>Innovative Technologies for the Highest Quality<\/strong><\/p><ul><li><strong>Advanced laundry equipment<\/strong>: We use modern laundry machines that guarantee effective and gentle washing of various types of textiles.<\/li><li><strong>Eco-friendly solutions<\/strong>: We use environmentally friendly cleaning products and technologies that minimize water and energy consumption, caring for the beauty of the Podhale and Ma\u0142opolska regions.<\/li><li><strong>Process automation<\/strong>: Thanks to automation and precise control of laundry processes, we ensure consistent quality and timely service.<\/li><li><strong>Quality control systems<\/strong>: We hold numerous certificates confirming the high standards of quality and safety of our services.<\/li><\/ul><p><strong>Benefits of Modern Technology bluu Textile Service<\/strong><\/p><ul><li><strong>Higher washing quality<\/strong>: Innovative technologies guarantee excellent washing results, which translates into comfort and satisfaction for your guests.<\/li><li><strong>Longer service life of textiles<\/strong>: Gentle and effective washing methods extend the life of bedding, towels, and other textiles.<\/li><li><strong>Time and cost savings<\/strong>: Efficient laundry processes enable quick order fulfillment, optimizing the operating costs of your facility.<\/li><li><strong>Safety and hygiene<\/strong>: Advanced disinfection systems ensure the highest standards of hygiene, which is crucial in the hospitality and catering industry.<\/li><\/ul><p><strong>Area of operation:<\/strong><\/p><p>We operate in the following areas:<\/p><ul><li><strong>Zakopane<\/strong><\/li><li><strong>Nowy Targ<\/strong><\/li><li><strong>Bia\u0142ka Tatrza\u0144ska<\/strong><\/li><li><strong>Bukowina Tatrza\u0144ska<\/strong><\/li><li><strong>Ko\u015bcielisko<\/strong><\/li><li><strong>Poronin<\/strong><\/li><li><strong>\u017bywca<\/strong><\/li><li><strong>Szczyrk<\/strong><\/li><li><strong>Wieliczka<\/strong><\/li><li><strong>Muszyna<\/strong><\/li><li><strong>Kro\u015bcienko<\/strong><\/li><li><strong>Szczawnica<\/strong><\/li><li><strong>Krak\u00f3w<\/strong><\/li><\/ul><p><strong>Eco-friendly and Efficient Technologies<\/strong><\/p><p>Our laundry invests in technologies that are not only effective but also environmentally friendly. We use:<\/p><ul><li><strong>Energy-efficient appliances<\/strong>: We minimize electricity consumption.<\/li><li><strong>Water recycling<\/strong>: Water recovery systems allow water to be reused.<\/li><li><strong>Biodegradable detergents<\/strong>: We use cleaning products that are safe for the environment.<\/li><\/ul><p><strong>Trust the professionals at bluu Textile Service<\/strong><\/p><p>Investing in modern technologies allows us to provide services of the highest standard, meeting the growing demands of the market and your guests. We are the largest provider of laundry services in the region, which confirms our experience and the trust of our customers.<\/p><p><strong>Contact Us<\/strong><\/p><p>If you want to raise the standard of services at your facility with modern laundry technologies, contact us today. Our team will be happy to answer all your questions and prepare an offer tailored to your needs.<\/p><p><strong>bluu Textile Service \u2013 Modern Technology for Your Business in Podhale and Ma\u0142opolska<\/strong><\/p>                <\/div>\n                                    <a class=\"fswp-elt--read-more more hide-icon\"\n                        data-height=\"75\"\n                        data-more=\"Rozwi\u0144\"\n                        data-less=\"Zwi\u0144\">\n                        <span class=\"fswp-elt--read-more-text\">\n                            Expand                        <\/span>\n                                                                    <\/a>\n                    <\/div><!--read-more-content-wrapper-->\n        <\/div>\n    \t\t\t\t<\/div>\n\t\t\t\t<\/div>\n\t\t\t\t\t<\/div>\n\t\t\t\t<\/div>\n\t\t\t\t<\/div>","protected":false},"excerpt":{"rendered":"<p>wynajem po\u015bcieli hotelowej Technologia Gwarancja jako\u015bci bluu Textile Service. Dzi\u0119ki wiedzy i do\u015bwiadczeniu oraz technologii, kt\u00f3r\u0105 dysponujemy jeste\u015bmy odpowiedzialnym i godnym zaufania partnerem dla Twojego biznesu. Prowadzimy nieustann\u0105 kontrol\u0119 usuwania brudu i plam i wydajno\u015bci proces\u00f3w prania ci\u0105g\u0142o\u015bci i zr\u00f3wnowa\u017conego rozwoju jako\u015bci pojemnik\u00f3w do transportu prania Zr\u00f3wnowa\u017cone procesy prania jako koncepcja rozwojowa inwestujemy ci\u0105gle w [&hellip;]<\/p>\n","protected":false},"author":1,"featured_media":0,"parent":0,"menu_order":0,"comment_status":"closed","ping_status":"closed","template":"","meta":{"inline_featured_image":false,"footnotes":""},"class_list":["post-242","page","type-page","status-publish","hentry"],"_links":{"self":[{"href":"https:\/\/bluutex.com\/en\/wp-json\/wp\/v2\/pages\/242","targetHints":{"allow":["GET"]}}],"collection":[{"href":"https:\/\/bluutex.com\/en\/wp-json\/wp\/v2\/pages"}],"about":[{"href":"https:\/\/bluutex.com\/en\/wp-json\/wp\/v2\/types\/page"}],"author":[{"embeddable":true,"href":"https:\/\/bluutex.com\/en\/wp-json\/wp\/v2\/users\/1"}],"replies":[{"embeddable":true,"href":"https:\/\/bluutex.com\/en\/wp-json\/wp\/v2\/comments?post=242"}],"version-history":[{"count":52,"href":"https:\/\/bluutex.com\/en\/wp-json\/wp\/v2\/pages\/242\/revisions"}],"predecessor-version":[{"id":555,"href":"https:\/\/bluutex.com\/en\/wp-json\/wp\/v2\/pages\/242\/revisions\/555"}],"wp:attachment":[{"href":"https:\/\/bluutex.com\/en\/wp-json\/wp\/v2\/media?parent=242"}],"curies":[{"name":"wp","href":"https:\/\/api.w.org\/{rel}","templated":true}]}}